{"id":128,"date":"2025-06-27T19:44:36","date_gmt":"2025-06-28T01:44:36","guid":{"rendered":"https:\/\/almerahouse.mx\/conocenos\/?page_id=128"},"modified":"2025-06-28T14:53:06","modified_gmt":"2025-06-28T20:53:06","slug":"conocenos","status":"publish","type":"page","link":"https:\/\/almerahouse.mx\/conocenos\/","title":{"rendered":"Con\u00f3cenos"},"content":{"rendered":"","protected":false},"excerpt":{"rendered":"","protected":false},"author":1,"featured_media":0,"parent":0,"menu_order":0,"comment_status":"closed","ping_status":"closed","template":"page-templates\/00. Conocenos.php","meta":{"footnotes":""},"class_list":["post-128","page","type-page","status-publish","hentry"],"yoast_head":"<!-- This site is optimized with the Yoast SEO plugin v26.8 - https:\/\/yoast.com\/product\/yoast-seo-wordpress\/ -->\n<title>Departamentos en Nuevo S\u00e1telite | Almera House 57<\/title>\n<meta name=\"description\" content=\"T\u00fa tienes la oportunidad de convertirte en el fundador de una nueva era inmobiliaria al norte de la Ciudad de M\u00e9xico. Almera House 57\" \/>\n<meta name=\"robots\" content=\"index, follow, max-snippet:-1, max-image-preview:large, max-video-preview:-1\" \/>\n<link rel=\"canonical\" href=\"https:\/\/almerahouse.mx\/conocenos\/\" \/>\n<meta property=\"og:locale\" content=\"es_MX\" \/>\n<meta property=\"og:type\" content=\"article\" \/>\n<meta property=\"og:title\" content=\"Departamentos en Nuevo S\u00e1telite | Almera House 57\" \/>\n<meta property=\"og:description\" content=\"T\u00fa tienes la oportunidad de convertirte en el fundador de una nueva era inmobiliaria al norte de la Ciudad de M\u00e9xico. Almera House 57\" \/>\n<meta property=\"og:url\" content=\"https:\/\/almerahouse.mx\/conocenos\/\" \/>\n<meta property=\"og:site_name\" content=\"Almera House 57\" \/>\n<meta property=\"article:modified_time\" content=\"2025-06-28T20:53:06+00:00\" \/>\n<meta name=\"twitter:card\" content=\"summary_large_image\" \/>\n<script type=\"application\/ld+json\" class=\"yoast-schema-graph\">{\"@context\":\"https:\/\/schema.org\",\"@graph\":[{\"@type\":\"WebPage\",\"@id\":\"https:\/\/almerahouse.mx\/conocenos\/\",\"url\":\"https:\/\/almerahouse.mx\/conocenos\/\",\"name\":\"Departamentos en Nuevo S\u00e1telite | Almera House 57\",\"isPartOf\":{\"@id\":\"https:\/\/almerahouse.mx\/conocenos\/#website\"},\"datePublished\":\"2025-06-28T01:44:36+00:00\",\"dateModified\":\"2025-06-28T20:53:06+00:00\",\"description\":\"T\u00fa tienes la oportunidad de convertirte en el fundador de una nueva era inmobiliaria al norte de la Ciudad de M\u00e9xico. Almera House 57\",\"breadcrumb\":{\"@id\":\"https:\/\/almerahouse.mx\/conocenos\/#breadcrumb\"},\"inLanguage\":\"es\",\"potentialAction\":[{\"@type\":\"ReadAction\",\"target\":[\"https:\/\/almerahouse.mx\/conocenos\/\"]}]},{\"@type\":\"BreadcrumbList\",\"@id\":\"https:\/\/almerahouse.mx\/conocenos\/#breadcrumb\",\"itemListElement\":[{\"@type\":\"ListItem\",\"position\":1,\"name\":\"Inicio\",\"item\":\"https:\/\/almerahouse.mx\/conocenos\/\"},{\"@type\":\"ListItem\",\"position\":2,\"name\":\"Con\u00f3cenos\"}]},{\"@type\":\"WebSite\",\"@id\":\"https:\/\/almerahouse.mx\/conocenos\/#website\",\"url\":\"https:\/\/almerahouse.mx\/conocenos\/\",\"name\":\"Almera House 57\",\"description\":\"Vive en exclusividad en Almera House 57\",\"potentialAction\":[{\"@type\":\"SearchAction\",\"target\":{\"@type\":\"EntryPoint\",\"urlTemplate\":\"https:\/\/almerahouse.mx\/conocenos\/?s={search_term_string}\"},\"query-input\":{\"@type\":\"PropertyValueSpecification\",\"valueRequired\":true,\"valueName\":\"search_term_string\"}}],\"inLanguage\":\"es\"}]}<\/script>\n<!-- \/ Yoast SEO plugin. -->","yoast_head_json":{"title":"Departamentos en Nuevo S\u00e1telite | Almera House 57","description":"T\u00fa tienes la oportunidad de convertirte en el fundador de una nueva era inmobiliaria al norte de la Ciudad de M\u00e9xico. Almera House 57","robots":{"index":"index","follow":"follow","max-snippet":"max-snippet:-1","max-image-preview":"max-image-preview:large","max-video-preview":"max-video-preview:-1"},"canonical":"https:\/\/almerahouse.mx\/conocenos\/","og_locale":"es_MX","og_type":"article","og_title":"Departamentos en Nuevo S\u00e1telite | Almera House 57","og_description":"T\u00fa tienes la oportunidad de convertirte en el fundador de una nueva era inmobiliaria al norte de la Ciudad de M\u00e9xico. Almera House 57","og_url":"https:\/\/almerahouse.mx\/conocenos\/","og_site_name":"Almera House 57","article_modified_time":"2025-06-28T20:53:06+00:00","twitter_card":"summary_large_image","schema":{"@context":"https:\/\/schema.org","@graph":[{"@type":"WebPage","@id":"https:\/\/almerahouse.mx\/conocenos\/","url":"https:\/\/almerahouse.mx\/conocenos\/","name":"Departamentos en Nuevo S\u00e1telite | Almera House 57","isPartOf":{"@id":"https:\/\/almerahouse.mx\/conocenos\/#website"},"datePublished":"2025-06-28T01:44:36+00:00","dateModified":"2025-06-28T20:53:06+00:00","description":"T\u00fa tienes la oportunidad de convertirte en el fundador de una nueva era inmobiliaria al norte de la Ciudad de M\u00e9xico. Almera House 57","breadcrumb":{"@id":"https:\/\/almerahouse.mx\/conocenos\/#breadcrumb"},"inLanguage":"es","potentialAction":[{"@type":"ReadAction","target":["https:\/\/almerahouse.mx\/conocenos\/"]}]},{"@type":"BreadcrumbList","@id":"https:\/\/almerahouse.mx\/conocenos\/#breadcrumb","itemListElement":[{"@type":"ListItem","position":1,"name":"Inicio","item":"https:\/\/almerahouse.mx\/conocenos\/"},{"@type":"ListItem","position":2,"name":"Con\u00f3cenos"}]},{"@type":"WebSite","@id":"https:\/\/almerahouse.mx\/conocenos\/#website","url":"https:\/\/almerahouse.mx\/conocenos\/","name":"Almera House 57","description":"Vive en exclusividad en Almera House 57","potentialAction":[{"@type":"SearchAction","target":{"@type":"EntryPoint","urlTemplate":"https:\/\/almerahouse.mx\/conocenos\/?s={search_term_string}"},"query-input":{"@type":"PropertyValueSpecification","valueRequired":true,"valueName":"search_term_string"}}],"inLanguage":"es"}]}},"_links":{"self":[{"href":"https:\/\/almerahouse.mx\/conocenos\/wp-json\/wp\/v2\/pages\/128","targetHints":{"allow":["GET"]}}],"collection":[{"href":"https:\/\/almerahouse.mx\/conocenos\/wp-json\/wp\/v2\/pages"}],"about":[{"href":"https:\/\/almerahouse.mx\/conocenos\/wp-json\/wp\/v2\/types\/page"}],"author":[{"embeddable":true,"href":"https:\/\/almerahouse.mx\/conocenos\/wp-json\/wp\/v2\/users\/1"}],"replies":[{"embeddable":true,"href":"https:\/\/almerahouse.mx\/conocenos\/wp-json\/wp\/v2\/comments?post=128"}],"version-history":[{"count":1,"href":"https:\/\/almerahouse.mx\/conocenos\/wp-json\/wp\/v2\/pages\/128\/revisions"}],"predecessor-version":[{"id":129,"href":"https:\/\/almerahouse.mx\/conocenos\/wp-json\/wp\/v2\/pages\/128\/revisions\/129"}],"wp:attachment":[{"href":"https:\/\/almerahouse.mx\/conocenos\/wp-json\/wp\/v2\/media?parent=128"}],"curies":[{"name":"wp","href":"https:\/\/api.w.org\/{rel}","templated":true}]}}